{"id":888,"date":"2026-01-07T07:28:03","date_gmt":"2026-01-07T07:28:03","guid":{"rendered":"https:\/\/project.multimediaatelier.com\/samyol-lojistik\/?page_id=888"},"modified":"2026-01-07T14:43:22","modified_gmt":"2026-01-07T14:43:22","slug":"insan-kaynaklari","status":"publish","type":"page","link":"https:\/\/project.multimediaatelier.com\/samyol-lojistik\/index.php\/insan-kaynaklari\/","title":{"rendered":"\u0130nsan Kaynaklar\u0131"},"content":{"rendered":"\t\t<div data-elementor-type=\"wp-page\" data-elementor-id=\"888\" class=\"elementor elementor-888\" data-elementor-post-type=\"page\">\n\t\t\t\t<div class=\"elementor-element elementor-element-63157fd e-con-full e-flex e-con e-parent\" data-id=\"63157fd\" data-element_type=\"container\" data-settings=\"{&quot;background_background&quot;:&quot;classic&quot;}\">\n\t\t<div class=\"elementor-element elementor-element-4114b4f e-flex e-con-boxed e-con e-child\" data-id=\"4114b4f\" data-element_type=\"container\">\n\t\t\t\t\t<div class=\"e-con-inner\">\n\t\t\t\t<div class=\"elementor-element elementor-element-4e2d34d elementor-widget elementor-widget-heading\" data-id=\"4e2d34d\" data-element_type=\"widget\" data-widget_type=\"heading.default\">\n\t\t\t\t\t<h2 class=\"elementor-heading-title elementor-size-default\">\u0130NSAN KAYNAKLARI<\/h2>\t\t\t\t<\/div>\n\t\t<div class=\"elementor-element elementor-element-522256b e-con-full e-flex e-con e-child\" data-id=\"522256b\" data-element_type=\"container\">\n\t\t\t\t<div class=\"elementor-element elementor-element-98c7850 elementor-widget elementor-widget-heading\" data-id=\"98c7850\" data-element_type=\"widget\" data-widget_type=\"heading.default\">\n\t\t\t\t\t<h2 class=\"elementor-heading-title elementor-size-default\"><a href=\"https:\/\/project.multimediaatelier.com\/samyol-lojistik\">Ana Sayfa<\/a><\/h2>\t\t\t\t<\/div>\n\t\t\t\t<div class=\"elementor-element elementor-element-33a147f elementor-view-default elementor-widget elementor-widget-icon\" data-id=\"33a147f\" data-element_type=\"widget\" data-widget_type=\"icon.default\">\n\t\t\t\t\t\t\t<div class=\"elementor-icon-wrapper\">\n\t\t\t<div class=\"elementor-icon\">\n\t\t\t<svg aria-hidden=\"true\" class=\"e-font-icon-svg e-fas-chevron-right\" viewBox=\"0 0 320 512\" xmlns=\"http:\/\/www.w3.org\/2000\/svg\"><path d=\"M285.476 272.971L91.132 467.314c-9.373 9.373-24.569 9.373-33.941 0l-22.667-22.667c-9.357-9.357-9.375-24.522-.04-33.901L188.505 256 34.484 101.255c-9.335-9.379-9.317-24.544.04-33.901l22.667-22.667c9.373-9.373 24.569-9.373 33.941 0L285.475 239.03c9.373 9.372 9.373 24.568.001 33.941z\"><\/path><\/svg>\t\t\t<\/div>\n\t\t<\/div>\n\t\t\t\t\t\t<\/div>\n\t\t\t\t<div class=\"elementor-element elementor-element-d7e9b6f elementor-widget elementor-widget-heading\" data-id=\"d7e9b6f\" data-element_type=\"widget\" data-widget_type=\"heading.default\">\n\t\t\t\t\t<h2 class=\"elementor-heading-title elementor-size-default\">iNSAN kAYNAKLARI<\/h2>\t\t\t\t<\/div>\n\t\t\t\t<\/div>\n\t\t\t\t\t<\/div>\n\t\t\t\t<\/div>\n\t\t\t\t<\/div>\n\t\t<div class=\"elementor-element elementor-element-de17e16 e-flex e-con-boxed e-con e-parent\" data-id=\"de17e16\" data-element_type=\"container\" data-settings=\"{&quot;background_background&quot;:&quot;classic&quot;}\">\n\t\t\t\t\t<div class=\"e-con-inner\">\n\t\t<div class=\"elementor-element elementor-element-67fb5f0 e-con-full e-flex e-con e-child\" data-id=\"67fb5f0\" data-element_type=\"container\">\n\t\t\t\t<div class=\"elementor-element elementor-element-25de9b3 elementor-invisible elementor-widget elementor-widget-image\" data-id=\"25de9b3\" data-element_type=\"widget\" data-settings=\"{&quot;_animation&quot;:&quot;fadeIn&quot;}\" data-widget_type=\"image.default\">\n\t\t\t\t\t\t\t\t\t\t\t\t\t\t\t<img fetchpriority=\"high\" decoding=\"async\" width=\"800\" height=\"534\" src=\"https:\/\/project.multimediaatelier.com\/samyol-lojistik\/wp-content\/uploads\/2026\/01\/ik2.jpg\" class=\"attachment-large size-large wp-image-891\" alt=\"\" srcset=\"https:\/\/project.multimediaatelier.com\/samyol-lojistik\/wp-content\/uploads\/2026\/01\/ik2.jpg 1000w, https:\/\/project.multimediaatelier.com\/samyol-lojistik\/wp-content\/uploads\/2026\/01\/ik2-300x200.jpg 300w, https:\/\/project.multimediaatelier.com\/samyol-lojistik\/wp-content\/uploads\/2026\/01\/ik2-768x512.jpg 768w\" sizes=\"(max-width: 800px) 100vw, 800px\" \/>\t\t\t\t\t\t\t\t\t\t\t\t\t\t\t<\/div>\n\t\t\t\t<div class=\"elementor-element elementor-element-240a266 elementor-widget__width-auto elementor-absolute elementor-invisible elementor-widget elementor-widget-image\" data-id=\"240a266\" data-element_type=\"widget\" data-settings=\"{&quot;_position&quot;:&quot;absolute&quot;,&quot;_animation&quot;:&quot;fadeIn&quot;,&quot;_animation_delay&quot;:200}\" data-widget_type=\"image.default\">\n\t\t\t\t\t\t\t\t\t\t\t\t\t\t\t<img decoding=\"async\" width=\"800\" height=\"692\" src=\"https:\/\/project.multimediaatelier.com\/samyol-lojistik\/wp-content\/uploads\/2026\/01\/ik-1024x886.png\" class=\"attachment-large size-large wp-image-892\" alt=\"\" srcset=\"https:\/\/project.multimediaatelier.com\/samyol-lojistik\/wp-content\/uploads\/2026\/01\/ik-1024x886.png 1024w, https:\/\/project.multimediaatelier.com\/samyol-lojistik\/wp-content\/uploads\/2026\/01\/ik-300x260.png 300w, https:\/\/project.multimediaatelier.com\/samyol-lojistik\/wp-content\/uploads\/2026\/01\/ik-768x665.png 768w, https:\/\/project.multimediaatelier.com\/samyol-lojistik\/wp-content\/uploads\/2026\/01\/ik.png 1087w\" sizes=\"(max-width: 800px) 100vw, 800px\" \/>\t\t\t\t\t\t\t\t\t\t\t\t\t\t\t<\/div>\n\t\t\t\t<\/div>\n\t\t<div class=\"elementor-element elementor-element-886463b e-con-full e-flex e-con e-child\" data-id=\"886463b\" data-element_type=\"container\">\n\t\t\t\t<div class=\"elementor-element elementor-element-78d915b elementor-align-left elementor-widget elementor-widget-button\" data-id=\"78d915b\" data-element_type=\"widget\" data-widget_type=\"button.default\">\n\t\t\t\t\t\t\t\t\t\t<a class=\"elementor-button elementor-button-link elementor-size-sm\" href=\"#\">\n\t\t\t\t\t\t<span class=\"elementor-button-content-wrapper\">\n\t\t\t\t\t\t\t\t\t<span class=\"elementor-button-text\">\u0130NSAN VE DE\u011eER<\/span>\n\t\t\t\t\t<\/span>\n\t\t\t\t\t<\/a>\n\t\t\t\t\t\t\t\t<\/div>\n\t\t\t\t<div class=\"elementor-element elementor-element-54d2919 elementor-widget__width-inherit elementor-widget elementor-widget-heading\" data-id=\"54d2919\" data-element_type=\"widget\" data-widget_type=\"heading.default\">\n\t\t\t\t\t<h2 class=\"elementor-heading-title elementor-size-default\">\u0130nsan Kaynaklar\u0131 Politikam\u0131z<\/h2>\t\t\t\t<\/div>\n\t\t\t\t<div class=\"elementor-element elementor-element-43cff60 elementor-widget elementor-widget-text-editor\" data-id=\"43cff60\" data-element_type=\"widget\" data-widget_type=\"text-editor.default\">\n\t\t\t\t\t\t\t\t\t<p><span class=\"s1\"><b>SAMYOL Lojistik <\/b>olarak<\/span>, insan kaynaklar\u0131na b\u00fcy\u00fck \u00f6nem veriyoruz. \u00c7al\u0131\u015fanlar\u0131m\u0131z\u0131n ba\u015far\u0131s\u0131 ve refah\u0131 i\u00e7in g\u00fc\u00e7l\u00fc ve s\u00fcrd\u00fcr\u00fclebilir bir temel olu\u015fturmay\u0131 hedefliyoruz.<\/p><p><span style=\"font-family: -apple-system, BlinkMacSystemFont, 'Segoe UI', Roboto, 'Helvetica Neue', Arial, 'Noto Sans', sans-serif, 'Apple Color Emoji', 'Segoe UI Emoji', 'Segoe UI Symbol', 'Noto Color Emoji';\">\u0130nsan kaynaklar\u0131 politikam\u0131z; yetenekli bireyleri \u015firketimize kazand\u0131rmak, onlar\u0131n mesleki ve ki\u015fisel geli\u015fimlerini desteklemek ve motivasyonlar\u0131n\u0131 art\u0131rmak \u00fczerine kuruludur.<\/span><\/p><p><span style=\"font-family: -apple-system, BlinkMacSystemFont, 'Segoe UI', Roboto, 'Helvetica Neue', Arial, 'Noto Sans', sans-serif, 'Apple Color Emoji', 'Segoe UI Emoji', 'Segoe UI Symbol', 'Noto Color Emoji';\">Bu do\u011frultuda; \u00e7al\u0131\u015fanlar\u0131m\u0131z\u0131n s\u00fcrekli geli\u015fimini destekleyen e\u011fitim programlar\u0131, \u015feffaf ve a\u00e7\u0131k ileti\u015fim k\u00fclt\u00fcr\u00fc ile g\u00fcvene dayal\u0131 g\u00fc\u00e7l\u00fc bir \u00e7al\u0131\u015fma ortam\u0131 olu\u015fturarak hem bireysel hem de kurumsal ba\u015far\u0131m\u0131z\u0131 uzun vadede s\u00fcrd\u00fcr\u00fclebilir k\u0131lmay\u0131 ama\u00e7l\u0131yoruz.<\/span><\/p>\t\t\t\t\t\t\t\t<\/div>\n\t\t\t\t<\/div>\n\t\t\t\t\t<\/div>\n\t\t\t\t<\/div>\n\t\t<div class=\"elementor-element elementor-element-3c2c5c3 e-flex e-con-boxed e-con e-parent\" data-id=\"3c2c5c3\" data-element_type=\"container\">\n\t\t\t\t\t<div class=\"e-con-inner\">\n\t\t\t\t<div class=\"elementor-element elementor-element-04b9a37 elementor-align-center elementor-widget elementor-widget-button\" data-id=\"04b9a37\" data-element_type=\"widget\" data-widget_type=\"button.default\">\n\t\t\t\t\t\t\t\t\t\t<a class=\"elementor-button elementor-button-link elementor-size-sm\" href=\"#\">\n\t\t\t\t\t\t<span class=\"elementor-button-content-wrapper\">\n\t\t\t\t\t\t\t\t\t<span class=\"elementor-button-text\">K\u00fclt\u00fcr ve Yakla\u015f\u0131m<\/span>\n\t\t\t\t\t<\/span>\n\t\t\t\t\t<\/a>\n\t\t\t\t\t\t\t\t<\/div>\n\t\t\t\t<div class=\"elementor-element elementor-element-6e3a2b5 elementor-widget__width-inherit elementor-widget elementor-widget-heading\" data-id=\"6e3a2b5\" data-element_type=\"widget\" data-widget_type=\"heading.default\">\n\t\t\t\t\t<h2 class=\"elementor-heading-title elementor-size-default\">\u00c7al\u0131\u015fma K\u00fclt\u00fcr\u00fcm\u00fcz<\/h2>\t\t\t\t<\/div>\n\t\t\t\t<div class=\"elementor-element elementor-element-c5c9e2a elementor-widget elementor-widget-text-editor\" data-id=\"c5c9e2a\" data-element_type=\"widget\" data-widget_type=\"text-editor.default\">\n\t\t\t\t\t\t\t\t\t<blockquote><span class=\"s1\"><b>SAMYOL Lojistik\u2019te<\/b><\/span>, \u00e7al\u0131\u015fanlar\u0131m\u0131z\u0131n fikirlerine de\u011fer veren, kat\u0131l\u0131mc\u0131 ve g\u00fcven odakl\u0131 bir \u00e7al\u0131\u015fma k\u00fclt\u00fcr\u00fc benimsiyoruz. Tak\u0131m ruhunu destekleyen yap\u0131m\u0131z, a\u00e7\u0131k ileti\u015fim anlay\u0131\u015f\u0131m\u0131z ve etik de\u011ferlerimiz do\u011frultusunda; \u00e7al\u0131\u015fanlar\u0131m\u0131z\u0131n kendilerini g\u00fcvende hissettikleri, birlikte geli\u015fip b\u00fcy\u00fcd\u00fckleri bir \u00e7al\u0131\u015fma ortam\u0131 olu\u015fturmay\u0131 \u00f6ncelikli hedefimiz olarak g\u00f6r\u00fcyoruz.<\/blockquote>\t\t\t\t\t\t\t\t<\/div>\n\t\t\t\t<div class=\"elementor-element elementor-element-2be5390 elementor-widget elementor-widget-html\" data-id=\"2be5390\" data-element_type=\"widget\" data-widget_type=\"html.default\">\n\t\t\t\t\t<div class=\"erna-timeline\">\n\n  <div class=\"erna-item\">\n    <div class=\"erna-icon\">\n      <img decoding=\"async\" src=\"https:\/\/project.multimediaatelier.com\/samyol-lojistik\/wp-content\/uploads\/2026\/01\/rocket.png\" alt=\"\">\n    <\/div>\n    <div class=\"erna-content\">\n      <h3>Tak\u0131m Ruhu<\/h3>\n      <p>Ortak hedefler do\u011frultusunda birlikte \u00fcreten, birbirine destek olan g\u00fc\u00e7l\u00fc ekip yap\u0131s\u0131n\u0131 destekliyoruz.<\/p>\n    <\/div>\n  <\/div>\n\n  <div class=\"erna-item\">\n    <div class=\"erna-icon\">\n      <img decoding=\"async\" src=\"https:\/\/project.multimediaatelier.com\/samyol-lojistik\/wp-content\/uploads\/2026\/01\/heart.png\" alt=\"\">\n    <\/div>\n    <div class=\"erna-content\">\n      <h3>A\u00e7\u0131k \u0130leti\u015fim<\/h3>\n      <p>\u015eeffaf, eri\u015filebilir ve yap\u0131c\u0131 ileti\u015fim anlay\u0131\u015f\u0131yla \u00e7al\u0131\u015fanlar\u0131m\u0131z aras\u0131ndaki i\u015f birli\u011fini g\u00fc\u00e7lendiriyoruz.<\/p>\n    <\/div>\n  <\/div>\n\n  <div class=\"erna-item\">\n    <div class=\"erna-icon\">\n      <img decoding=\"async\" src=\"https:\/\/project.multimediaatelier.com\/samyol-lojistik\/wp-content\/uploads\/2026\/01\/chat.png\" alt=\"\">\n    <\/div>\n    <div class=\"erna-content\">\n      <h3>G\u00fcven Ortam\u0131<\/h3>\n      <p>\u00c7al\u0131\u015fanlar\u0131m\u0131z\u0131n kendilerini de\u011ferli ve g\u00fcvende hissettikleri adil bir \u00e7al\u0131\u015fma ortam\u0131 olu\u015fturuyoruz.<\/p>\n    <\/div>\n  <\/div>\n\n<\/div>\t\t\t\t<\/div>\n\t\t\t\t\t<\/div>\n\t\t\t\t<\/div>\n\t\t\t\t<\/div>\n\t\t","protected":false},"excerpt":{"rendered":"<p>\u0130NSAN KAYNAKLARI Ana Sayfa iNSAN kAYNAKLARI \u0130NSAN VE DE\u011eER \u0130nsan Kaynaklar\u0131 Politikam\u0131z SAMYOL Lojistik olarak, insan kaynaklar\u0131na b\u00fcy\u00fck \u00f6nem veriyoruz. \u00c7al\u0131\u015fanlar\u0131m\u0131z\u0131n ba\u015far\u0131s\u0131 ve refah\u0131 i\u00e7in g\u00fc\u00e7l\u00fc ve s\u00fcrd\u00fcr\u00fclebilir bir temel olu\u015fturmay\u0131 hedefliyoruz. \u0130nsan kaynaklar\u0131 politikam\u0131z; yetenekli bireyleri \u015firketimize kazand\u0131rmak, onlar\u0131n mesleki ve ki\u015fisel geli\u015fimlerini desteklemek ve motivasyonlar\u0131n\u0131 art\u0131rmak \u00fczerine kuruludur. Bu do\u011frultuda; \u00e7al\u0131\u015fanlar\u0131m\u0131z\u0131n s\u00fcrekli geli\u015fimini [&hellip;]<\/p>\n","protected":false},"author":1,"featured_media":0,"parent":0,"menu_order":0,"comment_status":"closed","ping_status":"closed","template":"","meta":{"_joinchat":[],"footnotes":""},"class_list":["post-888","page","type-page","status-publish","hentry"],"yoast_head":"<!-- This site is optimized with the Yoast SEO plugin v26.7 - https:\/\/yoast.com\/wordpress\/plugins\/seo\/ -->\n<title>\u0130nsan Kaynaklar\u0131 - SAMYOL Lojistik<\/title>\n<meta name=\"robots\" content=\"index, follow, max-snippet:-1, max-image-preview:large, max-video-preview:-1\" \/>\n<link rel=\"canonical\" href=\"https:\/\/project.multimediaatelier.com\/samyol-lojistik\/index.php\/insan-kaynaklari\/\" \/>\n<meta property=\"og:locale\" content=\"en_US\" \/>\n<meta property=\"og:type\" content=\"article\" \/>\n<meta property=\"og:title\" content=\"\u0130nsan Kaynaklar\u0131 - SAMYOL Lojistik\" \/>\n<meta property=\"og:description\" content=\"\u0130NSAN KAYNAKLARI Ana Sayfa iNSAN kAYNAKLARI \u0130NSAN VE DE\u011eER \u0130nsan Kaynaklar\u0131 Politikam\u0131z SAMYOL Lojistik olarak, insan kaynaklar\u0131na b\u00fcy\u00fck \u00f6nem veriyoruz. \u00c7al\u0131\u015fanlar\u0131m\u0131z\u0131n ba\u015far\u0131s\u0131 ve refah\u0131 i\u00e7in g\u00fc\u00e7l\u00fc ve s\u00fcrd\u00fcr\u00fclebilir bir temel olu\u015fturmay\u0131 hedefliyoruz. \u0130nsan kaynaklar\u0131 politikam\u0131z; yetenekli bireyleri \u015firketimize kazand\u0131rmak, onlar\u0131n mesleki ve ki\u015fisel geli\u015fimlerini desteklemek ve motivasyonlar\u0131n\u0131 art\u0131rmak \u00fczerine kuruludur. Bu do\u011frultuda; \u00e7al\u0131\u015fanlar\u0131m\u0131z\u0131n s\u00fcrekli geli\u015fimini [&hellip;]\" \/>\n<meta property=\"og:url\" content=\"https:\/\/project.multimediaatelier.com\/samyol-lojistik\/index.php\/insan-kaynaklari\/\" \/>\n<meta property=\"og:site_name\" content=\"SAMYOL Lojistik\" \/>\n<meta property=\"article:modified_time\" content=\"2026-01-07T14:43:22+00:00\" \/>\n<meta property=\"og:image\" content=\"https:\/\/project.multimediaatelier.com\/samyol-lojistik\/wp-content\/uploads\/2026\/01\/ik2.jpg\" \/>\n\t<meta property=\"og:image:width\" content=\"1000\" \/>\n\t<meta property=\"og:image:height\" content=\"667\" \/>\n\t<meta property=\"og:image:type\" content=\"image\/jpeg\" \/>\n<meta name=\"twitter:card\" content=\"summary_large_image\" \/>\n<meta name=\"twitter:label1\" content=\"Est. reading time\" \/>\n\t<meta name=\"twitter:data1\" content=\"2 minutes\" \/>\n<script type=\"application\/ld+json\" class=\"yoast-schema-graph\">{\"@context\":\"https:\/\/schema.org\",\"@graph\":[{\"@type\":\"WebPage\",\"@id\":\"https:\/\/project.multimediaatelier.com\/samyol-lojistik\/index.php\/insan-kaynaklari\/\",\"url\":\"https:\/\/project.multimediaatelier.com\/samyol-lojistik\/index.php\/insan-kaynaklari\/\",\"name\":\"\u0130nsan Kaynaklar\u0131 - SAMYOL Lojistik\",\"isPartOf\":{\"@id\":\"https:\/\/project.multimediaatelier.com\/samyol-lojistik\/#website\"},\"primaryImageOfPage\":{\"@id\":\"https:\/\/project.multimediaatelier.com\/samyol-lojistik\/index.php\/insan-kaynaklari\/#primaryimage\"},\"image\":{\"@id\":\"https:\/\/project.multimediaatelier.com\/samyol-lojistik\/index.php\/insan-kaynaklari\/#primaryimage\"},\"thumbnailUrl\":\"https:\/\/project.multimediaatelier.com\/samyol-lojistik\/wp-content\/uploads\/2026\/01\/ik2.jpg\",\"datePublished\":\"2026-01-07T07:28:03+00:00\",\"dateModified\":\"2026-01-07T14:43:22+00:00\",\"breadcrumb\":{\"@id\":\"https:\/\/project.multimediaatelier.com\/samyol-lojistik\/index.php\/insan-kaynaklari\/#breadcrumb\"},\"inLanguage\":\"en-US\",\"potentialAction\":[{\"@type\":\"ReadAction\",\"target\":[\"https:\/\/project.multimediaatelier.com\/samyol-lojistik\/index.php\/insan-kaynaklari\/\"]}]},{\"@type\":\"ImageObject\",\"inLanguage\":\"en-US\",\"@id\":\"https:\/\/project.multimediaatelier.com\/samyol-lojistik\/index.php\/insan-kaynaklari\/#primaryimage\",\"url\":\"https:\/\/project.multimediaatelier.com\/samyol-lojistik\/wp-content\/uploads\/2026\/01\/ik2.jpg\",\"contentUrl\":\"https:\/\/project.multimediaatelier.com\/samyol-lojistik\/wp-content\/uploads\/2026\/01\/ik2.jpg\",\"width\":1000,\"height\":667},{\"@type\":\"BreadcrumbList\",\"@id\":\"https:\/\/project.multimediaatelier.com\/samyol-lojistik\/index.php\/insan-kaynaklari\/#breadcrumb\",\"itemListElement\":[{\"@type\":\"ListItem\",\"position\":1,\"name\":\"Home\",\"item\":\"https:\/\/project.multimediaatelier.com\/samyol-lojistik\/\"},{\"@type\":\"ListItem\",\"position\":2,\"name\":\"\u0130nsan Kaynaklar\u0131\"}]},{\"@type\":\"WebSite\",\"@id\":\"https:\/\/project.multimediaatelier.com\/samyol-lojistik\/#website\",\"url\":\"https:\/\/project.multimediaatelier.com\/samyol-lojistik\/\",\"name\":\"SAMYOL Lojistik\",\"description\":\"\",\"publisher\":{\"@id\":\"https:\/\/project.multimediaatelier.com\/samyol-lojistik\/#organization\"},\"potentialAction\":[{\"@type\":\"SearchAction\",\"target\":{\"@type\":\"EntryPoint\",\"urlTemplate\":\"https:\/\/project.multimediaatelier.com\/samyol-lojistik\/?s={search_term_string}\"},\"query-input\":{\"@type\":\"PropertyValueSpecification\",\"valueRequired\":true,\"valueName\":\"search_term_string\"}}],\"inLanguage\":\"en-US\"},{\"@type\":\"Organization\",\"@id\":\"https:\/\/project.multimediaatelier.com\/samyol-lojistik\/#organization\",\"name\":\"SAMYOL Lojistik\",\"url\":\"https:\/\/project.multimediaatelier.com\/samyol-lojistik\/\",\"logo\":{\"@type\":\"ImageObject\",\"inLanguage\":\"en-US\",\"@id\":\"https:\/\/project.multimediaatelier.com\/samyol-lojistik\/#\/schema\/logo\/image\/\",\"url\":\"https:\/\/project.multimediaatelier.com\/samyol-lojistik\/wp-content\/uploads\/2025\/11\/samyol-1-scaled.png\",\"contentUrl\":\"https:\/\/project.multimediaatelier.com\/samyol-lojistik\/wp-content\/uploads\/2025\/11\/samyol-1-scaled.png\",\"width\":2560,\"height\":458,\"caption\":\"SAMYOL Lojistik\"},\"image\":{\"@id\":\"https:\/\/project.multimediaatelier.com\/samyol-lojistik\/#\/schema\/logo\/image\/\"}}]}<\/script>\n<!-- \/ Yoast SEO plugin. -->","yoast_head_json":{"title":"\u0130nsan Kaynaklar\u0131 - SAMYOL Lojistik","robots":{"index":"index","follow":"follow","max-snippet":"max-snippet:-1","max-image-preview":"max-image-preview:large","max-video-preview":"max-video-preview:-1"},"canonical":"https:\/\/project.multimediaatelier.com\/samyol-lojistik\/index.php\/insan-kaynaklari\/","og_locale":"en_US","og_type":"article","og_title":"\u0130nsan Kaynaklar\u0131 - SAMYOL Lojistik","og_description":"\u0130NSAN KAYNAKLARI Ana Sayfa iNSAN kAYNAKLARI \u0130NSAN VE DE\u011eER \u0130nsan Kaynaklar\u0131 Politikam\u0131z SAMYOL Lojistik olarak, insan kaynaklar\u0131na b\u00fcy\u00fck \u00f6nem veriyoruz. \u00c7al\u0131\u015fanlar\u0131m\u0131z\u0131n ba\u015far\u0131s\u0131 ve refah\u0131 i\u00e7in g\u00fc\u00e7l\u00fc ve s\u00fcrd\u00fcr\u00fclebilir bir temel olu\u015fturmay\u0131 hedefliyoruz. \u0130nsan kaynaklar\u0131 politikam\u0131z; yetenekli bireyleri \u015firketimize kazand\u0131rmak, onlar\u0131n mesleki ve ki\u015fisel geli\u015fimlerini desteklemek ve motivasyonlar\u0131n\u0131 art\u0131rmak \u00fczerine kuruludur. Bu do\u011frultuda; \u00e7al\u0131\u015fanlar\u0131m\u0131z\u0131n s\u00fcrekli geli\u015fimini [&hellip;]","og_url":"https:\/\/project.multimediaatelier.com\/samyol-lojistik\/index.php\/insan-kaynaklari\/","og_site_name":"SAMYOL Lojistik","article_modified_time":"2026-01-07T14:43:22+00:00","og_image":[{"width":1000,"height":667,"url":"https:\/\/project.multimediaatelier.com\/samyol-lojistik\/wp-content\/uploads\/2026\/01\/ik2.jpg","type":"image\/jpeg"}],"twitter_card":"summary_large_image","twitter_misc":{"Est. reading time":"2 minutes"},"schema":{"@context":"https:\/\/schema.org","@graph":[{"@type":"WebPage","@id":"https:\/\/project.multimediaatelier.com\/samyol-lojistik\/index.php\/insan-kaynaklari\/","url":"https:\/\/project.multimediaatelier.com\/samyol-lojistik\/index.php\/insan-kaynaklari\/","name":"\u0130nsan Kaynaklar\u0131 - SAMYOL Lojistik","isPartOf":{"@id":"https:\/\/project.multimediaatelier.com\/samyol-lojistik\/#website"},"primaryImageOfPage":{"@id":"https:\/\/project.multimediaatelier.com\/samyol-lojistik\/index.php\/insan-kaynaklari\/#primaryimage"},"image":{"@id":"https:\/\/project.multimediaatelier.com\/samyol-lojistik\/index.php\/insan-kaynaklari\/#primaryimage"},"thumbnailUrl":"https:\/\/project.multimediaatelier.com\/samyol-lojistik\/wp-content\/uploads\/2026\/01\/ik2.jpg","datePublished":"2026-01-07T07:28:03+00:00","dateModified":"2026-01-07T14:43:22+00:00","breadcrumb":{"@id":"https:\/\/project.multimediaatelier.com\/samyol-lojistik\/index.php\/insan-kaynaklari\/#breadcrumb"},"inLanguage":"en-US","potentialAction":[{"@type":"ReadAction","target":["https:\/\/project.multimediaatelier.com\/samyol-lojistik\/index.php\/insan-kaynaklari\/"]}]},{"@type":"ImageObject","inLanguage":"en-US","@id":"https:\/\/project.multimediaatelier.com\/samyol-lojistik\/index.php\/insan-kaynaklari\/#primaryimage","url":"https:\/\/project.multimediaatelier.com\/samyol-lojistik\/wp-content\/uploads\/2026\/01\/ik2.jpg","contentUrl":"https:\/\/project.multimediaatelier.com\/samyol-lojistik\/wp-content\/uploads\/2026\/01\/ik2.jpg","width":1000,"height":667},{"@type":"BreadcrumbList","@id":"https:\/\/project.multimediaatelier.com\/samyol-lojistik\/index.php\/insan-kaynaklari\/#breadcrumb","itemListElement":[{"@type":"ListItem","position":1,"name":"Home","item":"https:\/\/project.multimediaatelier.com\/samyol-lojistik\/"},{"@type":"ListItem","position":2,"name":"\u0130nsan Kaynaklar\u0131"}]},{"@type":"WebSite","@id":"https:\/\/project.multimediaatelier.com\/samyol-lojistik\/#website","url":"https:\/\/project.multimediaatelier.com\/samyol-lojistik\/","name":"SAMYOL Lojistik","description":"","publisher":{"@id":"https:\/\/project.multimediaatelier.com\/samyol-lojistik\/#organization"},"potentialAction":[{"@type":"SearchAction","target":{"@type":"EntryPoint","urlTemplate":"https:\/\/project.multimediaatelier.com\/samyol-lojistik\/?s={search_term_string}"},"query-input":{"@type":"PropertyValueSpecification","valueRequired":true,"valueName":"search_term_string"}}],"inLanguage":"en-US"},{"@type":"Organization","@id":"https:\/\/project.multimediaatelier.com\/samyol-lojistik\/#organization","name":"SAMYOL Lojistik","url":"https:\/\/project.multimediaatelier.com\/samyol-lojistik\/","logo":{"@type":"ImageObject","inLanguage":"en-US","@id":"https:\/\/project.multimediaatelier.com\/samyol-lojistik\/#\/schema\/logo\/image\/","url":"https:\/\/project.multimediaatelier.com\/samyol-lojistik\/wp-content\/uploads\/2025\/11\/samyol-1-scaled.png","contentUrl":"https:\/\/project.multimediaatelier.com\/samyol-lojistik\/wp-content\/uploads\/2025\/11\/samyol-1-scaled.png","width":2560,"height":458,"caption":"SAMYOL Lojistik"},"image":{"@id":"https:\/\/project.multimediaatelier.com\/samyol-lojistik\/#\/schema\/logo\/image\/"}}]}},"_links":{"self":[{"href":"https:\/\/project.multimediaatelier.com\/samyol-lojistik\/index.php\/wp-json\/wp\/v2\/pages\/888","targetHints":{"allow":["GET"]}}],"collection":[{"href":"https:\/\/project.multimediaatelier.com\/samyol-lojistik\/index.php\/wp-json\/wp\/v2\/pages"}],"about":[{"href":"https:\/\/project.multimediaatelier.com\/samyol-lojistik\/index.php\/wp-json\/wp\/v2\/types\/page"}],"author":[{"embeddable":true,"href":"https:\/\/project.multimediaatelier.com\/samyol-lojistik\/index.php\/wp-json\/wp\/v2\/users\/1"}],"replies":[{"embeddable":true,"href":"https:\/\/project.multimediaatelier.com\/samyol-lojistik\/index.php\/wp-json\/wp\/v2\/comments?post=888"}],"version-history":[{"count":38,"href":"https:\/\/project.multimediaatelier.com\/samyol-lojistik\/index.php\/wp-json\/wp\/v2\/pages\/888\/revisions"}],"predecessor-version":[{"id":1150,"href":"https:\/\/project.multimediaatelier.com\/samyol-lojistik\/index.php\/wp-json\/wp\/v2\/pages\/888\/revisions\/1150"}],"wp:attachment":[{"href":"https:\/\/project.multimediaatelier.com\/samyol-lojistik\/index.php\/wp-json\/wp\/v2\/media?parent=888"}],"curies":[{"name":"wp","href":"https:\/\/api.w.org\/{rel}","templated":true}]}}